{"id":37,"date":"2025-11-04T11:23:18","date_gmt":"2025-11-04T10:23:18","guid":{"rendered":"https:\/\/mohammedkebkoub-irumq.wpcomstaging.com\/contact\/"},"modified":"2025-12-01T16:31:15","modified_gmt":"2025-12-01T16:31:15","slug":"contact","status":"publish","type":"page","link":"http:\/\/www.centrepariscrimee.cm-pc.com\/index.php\/contact\/","title":{"rendered":"Contact"},"content":{"rendered":"\n<div class=\"wp-block-group alignfull is-style-default has-global-padding is-content-justification-center is-layout-constrained wp-block-group-is-layout-constrained\" id=\"page-title-section\" style=\"margin-top:0;margin-bottom:0;padding-top:var(--wp--preset--spacing--40);padding-bottom:var(--wp--preset--spacing--40)\">\n<div class=\"wp-block-columns alignwide is-layout-flex wp-container-core-columns-is-layout-30cd009e wp-block-columns-is-layout-flex\">\n<div class=\"wp-block-column is-vertically-aligned-center has-global-padding is-content-justification-left is-layout-constrained wp-container-core-column-is-layout-614074b5 wp-block-column-is-layout-constrained\">\n<h2 class=\"wp-block-heading has-xx-large-font-size\">Consultations en ophtalmologie<\/h2>\n\n\n\n<p class=\"has-medium-font-size\">Notre centre offre des examens complets et des soins sp\u00e9cialis\u00e9s pour pr\u00e9server votre sant\u00e9 visuelle. Nos ophtalmologistes exp\u00e9riment\u00e9s sont l\u00e0 pour diagnostiquer, traiter et suivre toutes vos pathologies oculaires.<\/p>\n<\/div>\n\n\n\n<div class=\"wp-block-column is-vertically-aligned-bottom is-layout-flow wp-block-column-is-layout-flow\">\n<figure class=\"wp-block-image size-full\"><img decoding=\"async\" src=\"http:\/\/www.centrepariscrimee.cm-pc.com\/wp-content\/uploads\/2025\/11\/ophtalmologie.jpeg\" alt=\"A collection of glasses displayed on wooden shelves with spotlights against a light blue wall.\" style=\"aspect-ratio:1;object-fit:cover\"\/><\/figure>\n<\/div>\n<\/div>\n<\/div>\n\n\n\n<div class=\"wp-block-group alignfull is-style-default has-global-padding is-layout-constrained wp-container-core-group-is-layout-1cb96c6a wp-block-group-is-layout-constrained\" id=\"contact-section\" style=\"padding-top:var(--wp--preset--spacing--50);padding-bottom:var(--wp--preset--spacing--40)\">\n<div class=\"wp-block-columns alignwide is-layout-flex wp-container-core-columns-is-layout-ea69a204 wp-block-columns-is-layout-flex\">\n<div class=\"wp-block-column is-layout-flow wp-container-core-column-is-layout-22223934 wp-block-column-is-layout-flow\" style=\"flex-basis:50%\">\n<h2 class=\"wp-block-heading\">Contact<\/h2>\n\n\n\n<p><strong>233 Rue de Crim\u00e9e, 75019 Paris<\/strong><\/p>\n\n\n\n<p><strong>01 86 04 47 48<\/strong><\/p>\n<\/div>\n<\/div>\n\n\n\n<div class=\"wp-block-group alignfull has-background-color has-foreground-background-color has-text-color has-background has-link-color wp-elements-7c3b61fbebc147745cedc1da41c8ddbe is-layout-flow wp-block-group-is-layout-flow\" style=\"padding-top:0;padding-right:var(--wp--preset--spacing--40);padding-bottom:0;padding-left:var(--wp--preset--spacing--40)\">\n<div class=\"wp-block-group is-layout-flow wp-block-group-is-layout-flow\" style=\"min-height:600px\"><\/div>\n<\/div>\n<\/div>\n","protected":false},"excerpt":{"rendered":"<p>Consultations en ophtalmologie Notre centre offre des examens complets et des soins sp\u00e9cialis\u00e9s pour pr\u00e9server votre sant\u00e9 visuelle. Nos ophtalmologistes exp\u00e9riment\u00e9s sont l\u00e0 pour diagnostiquer, traiter et suivre toutes vos pathologies oculaires. Contact 233 Rue de Crim\u00e9e, 75019 Paris 01 86 04 47 48<\/p>\n","protected":false},"author":1,"featured_media":0,"parent":0,"menu_order":3,"comment_status":"closed","ping_status":"closed","template":"","meta":{"footnotes":""},"class_list":["post-37","page","type-page","status-publish","hentry"],"_links":{"self":[{"href":"http:\/\/www.centrepariscrimee.cm-pc.com\/index.php\/wp-json\/wp\/v2\/pages\/37","targetHints":{"allow":["GET"]}}],"collection":[{"href":"http:\/\/www.centrepariscrimee.cm-pc.com\/index.php\/wp-json\/wp\/v2\/pages"}],"about":[{"href":"http:\/\/www.centrepariscrimee.cm-pc.com\/index.php\/wp-json\/wp\/v2\/types\/page"}],"author":[{"embeddable":true,"href":"http:\/\/www.centrepariscrimee.cm-pc.com\/index.php\/wp-json\/wp\/v2\/users\/1"}],"replies":[{"embeddable":true,"href":"http:\/\/www.centrepariscrimee.cm-pc.com\/index.php\/wp-json\/wp\/v2\/comments?post=37"}],"version-history":[{"count":3,"href":"http:\/\/www.centrepariscrimee.cm-pc.com\/index.php\/wp-json\/wp\/v2\/pages\/37\/revisions"}],"predecessor-version":[{"id":74,"href":"http:\/\/www.centrepariscrimee.cm-pc.com\/index.php\/wp-json\/wp\/v2\/pages\/37\/revisions\/74"}],"wp:attachment":[{"href":"http:\/\/www.centrepariscrimee.cm-pc.com\/index.php\/wp-json\/wp\/v2\/media?parent=37"}],"curies":[{"name":"wp","href":"https:\/\/api.w.org\/{rel}","templated":true}]}}